{"id":7,"date":"2020-08-27T15:25:31","date_gmt":"2020-08-27T13:25:31","guid":{"rendered":"https:\/\/www-researchfakenews.unine.ch\/?page_id=7"},"modified":"2020-08-30T11:48:27","modified_gmt":"2020-08-30T09:48:27","slug":"lequipe","status":"publish","type":"page","link":"https:\/\/www.researchfakenews.ch\/?page_id=7","title":{"rendered":"L\u2019\u00e9quipe"},"content":{"rendered":"\n<h3 class=\"wp-block-heading\"><strong>Nathalie Pignard-Cheynel<\/strong><\/h3>\n\n\n\n<p>Nathalie Pignard-Cheynel est professeure ordinaire en journalisme et information num\u00e9rique \u00e0 l\u2019Universit\u00e9 de Neuch\u00e2tel (UniNE) o\u00f9 elle dirige l\u2019Acad\u00e9mie du journalisme et des m\u00e9dias (AJM). Elle a pr\u00e9c\u00e9demment dirig\u00e9 l\u2019Ecole de journalisme de Grenoble puis \u00e9t\u00e9 responsable du Master Journalisme et m\u00e9dias num\u00e9riques \u00e0 l\u2019universit\u00e9 de Lorraine.<\/p>\n\n\n\n<p>Ses travaux portent sur les mutations des pratiques journalistiques et les changements dans les r\u00e9dactions \u00e0 l\u2019\u00e8re du num\u00e9rique, notamment l\u2019usage des r\u00e9seaux socionum\u00e9riques et des supports mobiles, l\u2019\u00e9mergence de nouveaux formats d\u2019\u00e9criture de l&rsquo;actualit\u00e9 et la participation des internautes au processus de construction de l\u2019information en ligne.<\/p>\n\n\n\n<p>Elle a co-dirig\u00e9 l\u2019ouvrage&nbsp;<a href=\"http:\/\/www.editions-msh.fr\/livre\/?GCOI=27351100210810\">#info: Commenter et partager l&rsquo;actualit\u00e9 sur Twitter et Facebook<\/a>, (2018, \u00c9ditions de la Maison des sciences de l\u2019homme) et co-sign\u00e9 l\u2019ouvrage&nbsp;<a href=\"https:\/\/www.deboecksuperieur.com\/ouvrage\/9782807313347-journalisme-mobile\">Journalisme mobile<\/a>&nbsp;(2019, Editions de Boeck). Elle dirige le projet de recherche (financ\u00e9 par le FNS)&nbsp;<a href=\"https:\/\/www.unine.ch\/ajm\/linc\">LINC &#8211; L\u2019information locale \u00e0 l\u2019\u00e9preuve du num\u00e9rique : repenser les liens entre m\u00e9dias, journalistes et publics<\/a>&nbsp;(2018-2020).<\/p>\n\n\n\n<h3 class=\"wp-block-heading\"><strong>S\u00e9bastien Salerno<\/strong><\/h3>\n\n\n\n<p>S\u00e9bastien Salerno est charg\u00e9 de cours \u00e0 l&rsquo;Institut Medi@LAB (UNIGE) en Sociologie de la communication et des m\u00e9dias. Il a obtenu son doctorat \u00e0 l&rsquo;UNIGE et a travaill\u00e9 comme post-doc \u00e0 l&rsquo;UZH sur les mutations des groupes de m\u00e9dias en Suisse. En 2017, il a r\u00e9alis\u00e9 une \u00e9tude sur la situation m\u00e9diatique en Suisse romande sur mandat de la Commission f\u00e9d\u00e9rale des m\u00e9dias.<\/p>\n\n\n\n<p>Il est \u00e9lu au Gesch\u00e4ftsleitung de la Soci\u00e9t\u00e9 suisse des sciences de la communication et des m\u00e9dias, et co-r\u00e9dacteur de la revue Studies in Communication Sciences. Ses recherches portent sur les m\u00e9dias d\u2019information et les effets des m\u00e9dias.<\/p>\n\n\n\n<h3 class=\"wp-block-heading\"><strong>Vincent Carlino<\/strong><\/h3>\n\n\n\n<p>Vincent Carlino (Universit\u00e9 de Neuch\u00e2tel) est post-doctorant sur le projet, aupr\u00e8s de Nathalie Pignard-Cheynel. Il est charg\u00e9 de constituer les corpus de fake news, ainsi que de conduire les entretiens avec des journalistes du&nbsp;<em>Temps<\/em>.<\/p>\n\n\n\n<p>Ses travaux portent sur le journalisme et les plateformes num\u00e9riques, les nouveaux formats pour lutter contre la propagation de fake news, les m\u00e9thodes de d\u00e9finition et d\u2019identification des fake news, ainsi que sur les controverses environnementales.<\/p>\n\n\n\n<p>Il a co-dirig\u00e9 l\u2019ouvrage&nbsp;<a href=\"http:\/\/www.lcdpu.fr\/livre\/?GCOI=27000100297730\">Les Paroles militantes dans les controverses environnementales<\/a>&nbsp;(2018, Presses universitaires de Nancy &#8211; Editions Universitaires de Lorraine). Sa th\u00e8se de doctorat obtenue en 2018 vient d\u2019\u00eatre prim\u00e9e par l\u2019Universit\u00e9 de Lorraine.<\/p>\n\n\n\n<h3 class=\"wp-block-heading\"><strong>Yann Rieder<\/strong><\/h3>\n\n\n\n<p>Yann Rieder (Universit\u00e9 de Gen\u00e8ve) collabore sur le projet. Il participe activement \u00e0 l&rsquo;organisation des focus group, contribue \u00e0 la pr\u00e9paration des questionnaires, et se charge du site internet du projet.<\/p>\n\n\n\n<p>Dipl\u00f4m\u00e9 d&rsquo;un master en science politique \u00e0 l&rsquo;UNIGE, il a co-fond\u00e9 deux structures francophones de production de podcasts,&nbsp;<a href=\"https:\/\/www.blueprint.pm\/\">Blueprint<\/a>&nbsp;et&nbsp;<a href=\"https:\/\/www.radiokawa.com\/\">RadioKawa<\/a>. Il est consultant dans le domaine de la production de contenus et la cr\u00e9ation de formats m\u00e9dias. Il a particip\u00e9 pendant pr\u00e8s d&rsquo;un an \u00e0 l&rsquo;\u00e9criture du journal quotidien de&nbsp;<a href=\"https:\/\/www.lescroissants.fr\/press\">Les Croissants<\/a>, la premi\u00e8re matinale radio intelligente s&rsquo;adaptant \u00e0 chaque auditeur.<\/p>\n\n\n\n<p class=\"has-text-align-center\"><img loading=\"lazy\" decoding=\"async\" width=\"600\" height=\"567\" class=\"wp-image-20\" src=\"https:\/\/www-researchfakenews.unine.ch\/wp-content\/uploads\/2020\/08\/D85B17FB-4A5C-4ADE-8F61-2D4D1E59A6E1.jpeg\" alt=\"\" style=\"width: 600px;\" srcset=\"https:\/\/www.researchfakenews.ch\/wp-content\/uploads\/2020\/08\/D85B17FB-4A5C-4ADE-8F61-2D4D1E59A6E1.jpeg 1840w, https:\/\/www.researchfakenews.ch\/wp-content\/uploads\/2020\/08\/D85B17FB-4A5C-4ADE-8F61-2D4D1E59A6E1-300x283.jpeg 300w, https:\/\/www.researchfakenews.ch\/wp-content\/uploads\/2020\/08\/D85B17FB-4A5C-4ADE-8F61-2D4D1E59A6E1-1024x967.jpeg 1024w, https:\/\/www.researchfakenews.ch\/wp-content\/uploads\/2020\/08\/D85B17FB-4A5C-4ADE-8F61-2D4D1E59A6E1-768x725.jpeg 768w, https:\/\/www.researchfakenews.ch\/wp-content\/uploads\/2020\/08\/D85B17FB-4A5C-4ADE-8F61-2D4D1E59A6E1-1536x1451.jpeg 1536w, https:\/\/www.researchfakenews.ch\/wp-content\/uploads\/2020\/08\/D85B17FB-4A5C-4ADE-8F61-2D4D1E59A6E1-1200x1133.jpeg 1200w\" sizes=\"auto, (max-width: 600px) 100vw, 600px\" \/>&nbsp;<br><em>De gauche \u00e0 droite : M. Carlino, Mme Pignard-Cheynel, M. Salerno, M. Rieder<\/em><\/p>\n","protected":false},"excerpt":{"rendered":"<p>Nathalie Pignard-Cheynel Nathalie Pignard-Cheynel est professeure ordinaire en journalisme et information num\u00e9rique \u00e0 l\u2019Universit\u00e9 de Neuch\u00e2tel (UniNE) o\u00f9 elle dirige l\u2019Acad\u00e9mie du journalisme et des m\u00e9dias (AJM). Elle a pr\u00e9c\u00e9demment dirig\u00e9 l\u2019Ecole de journalisme de Grenoble puis \u00e9t\u00e9 responsable du Master Journalisme et m\u00e9dias num\u00e9riques \u00e0 l\u2019universit\u00e9 de Lorraine. Ses travaux portent sur les mutations [&hellip;]<\/p>\n","protected":false},"author":2,"featured_media":0,"parent":0,"menu_order":2,"comment_status":"closed","ping_status":"closed","template":"","meta":{"footnotes":""},"class_list":["post-7","page","type-page","status-publish","hentry"],"_links":{"self":[{"href":"https:\/\/www.researchfakenews.ch\/index.php?rest_route=\/wp\/v2\/pages\/7","targetHints":{"allow":["GET"]}}],"collection":[{"href":"https:\/\/www.researchfakenews.ch\/index.php?rest_route=\/wp\/v2\/pages"}],"about":[{"href":"https:\/\/www.researchfakenews.ch\/index.php?rest_route=\/wp\/v2\/types\/page"}],"author":[{"embeddable":true,"href":"https:\/\/www.researchfakenews.ch\/index.php?rest_route=\/wp\/v2\/users\/2"}],"replies":[{"embeddable":true,"href":"https:\/\/www.researchfakenews.ch\/index.php?rest_route=%2Fwp%2Fv2%2Fcomments&post=7"}],"version-history":[{"count":3,"href":"https:\/\/www.researchfakenews.ch\/index.php?rest_route=\/wp\/v2\/pages\/7\/revisions"}],"predecessor-version":[{"id":28,"href":"https:\/\/www.researchfakenews.ch\/index.php?rest_route=\/wp\/v2\/pages\/7\/revisions\/28"}],"wp:attachment":[{"href":"https:\/\/www.researchfakenews.ch\/index.php?rest_route=%2Fwp%2Fv2%2Fmedia&parent=7"}],"curies":[{"name":"wp","href":"https:\/\/api.w.org\/{rel}","templated":true}]}}